{"id":714,"date":"2022-06-22T10:22:22","date_gmt":"2022-06-22T10:22:22","guid":{"rendered":"https:\/\/finex-preis.de\/?page_id=714"},"modified":"2025-12-04T12:12:45","modified_gmt":"2025-12-04T12:12:45","slug":"news","status":"publish","type":"page","link":"https:\/\/finex-preis.de\/?page_id=714","title":{"rendered":"News"},"content":{"rendered":"\t\t<div data-elementor-type=\"wp-page\" data-elementor-id=\"714\" class=\"elementor elementor-714\">\n\t\t\t\t\t\t<section class=\"elementor-section elementor-top-section elementor-element elementor-element-ebf8bbc elementor-section-boxed elementor-section-height-default elementor-section-height-default\" data-id=\"ebf8bbc\" data-element_type=\"section\" data-e-type=\"section\">\n\t\t\t\t\t\t<div class=\"elementor-container elementor-column-gap-default\">\n\t\t\t\t\t<div class=\"elementor-column elementor-col-100 elementor-top-column elementor-element elementor-element-bc6c535\" data-id=\"bc6c535\" data-element_type=\"column\" data-e-type=\"column\">\n\t\t\t<div class=\"elementor-widget-wrap elementor-element-populated\">\n\t\t\t\t\t\t<div class=\"elementor-element elementor-element-be8d7f8 elementor-widget elementor-widget-heading\" data-id=\"be8d7f8\" data-element_type=\"widget\" data-e-type=\"widget\" data-widget_type=\"heading.default\">\n\t\t\t\t<div class=\"elementor-widget-container\">\n\t\t\t\t\t<h1 class=\"elementor-heading-title elementor-size-default\">FINEX 2025 <\/h1>\t\t\t\t<\/div>\n\t\t\t\t<\/div>\n\t\t\t\t<div class=\"elementor-element elementor-element-3b0c80c elementor-widget elementor-widget-text-editor\" data-id=\"3b0c80c\" data-element_type=\"widget\" data-e-type=\"widget\" data-widget_type=\"text-editor.default\">\n\t\t\t\t<div class=\"elementor-widget-container\">\n\t\t\t\t\t\t\t\t\t<p>Unser Gewinner steht fest! Jacob Wallner erh\u00e4lt den FinEx-Preis 2025 f\u00fcr seinen Film <em>Fluchtverkehr<\/em>. Der Film erz\u00e4hlt von einer Gruppe Krimineller, die ihren Fluchtweg minuti\u00f6s plant &#8211; und dabei auf einige Hindernisse st\u00f6\u00dft. Mit viel Gesp\u00fcr f\u00fcr Timing, Spannung und Humor gelingt es Jacob, eine turbulente Geschichte zu inszenieren, die das Publikum ebenso \u00fcberzeugt wie die Jury.\u00a0<\/p><p><em>Fluchtverkehr<\/em> zeigt eindrucksvoll, wie lebendig und vielseitig Nachwuchsfilm an der Fernseh Akademie Mitteldeutschland sein kann. Wir gratulieren Jacob herzlich zu diesem Erfolg und freuen uns auf viele weitere Projekte, die seinen au\u00dfergew\u00f6hnlichen Stil und sein filmisches Talent sichtbar machen.\u00a0<\/p><p>Herzlichen Gl\u00fcckwunsch, Jacob!\u00a0<\/p>\t\t\t\t\t\t\t\t<\/div>\n\t\t\t\t<\/div>\n\t\t\t\t\t<\/div>\n\t\t<\/div>\n\t\t\t\t\t<\/div>\n\t\t<\/section>\n\t\t\t\t<section class=\"elementor-section elementor-top-section elementor-element elementor-element-60ca56c elementor-section-boxed elementor-section-height-default elementor-section-height-default\" data-id=\"60ca56c\" data-element_type=\"section\" data-e-type=\"section\">\n\t\t\t\t\t\t<div class=\"elementor-container elementor-column-gap-default\">\n\t\t\t\t\t<div class=\"elementor-column elementor-col-100 elementor-top-column elementor-element elementor-element-688963a\" data-id=\"688963a\" data-element_type=\"column\" data-e-type=\"column\">\n\t\t\t<div class=\"elementor-widget-wrap elementor-element-populated\">\n\t\t\t\t\t\t<div class=\"elementor-element elementor-element-7c60f11 elementor-widget elementor-widget-spacer\" data-id=\"7c60f11\" data-element_type=\"widget\" data-e-type=\"widget\" data-widget_type=\"spacer.default\">\n\t\t\t\t<div class=\"elementor-widget-container\">\n\t\t\t\t\t\t\t<div class=\"elementor-spacer\">\n\t\t\t<div class=\"elementor-spacer-inner\"><\/div>\n\t\t<\/div>\n\t\t\t\t\t\t<\/div>\n\t\t\t\t<\/div>\n\t\t\t\t<div class=\"elementor-element elementor-element-a45a912 elementor-widget__width-initial elementor-widget elementor-widget-image\" data-id=\"a45a912\" data-element_type=\"widget\" data-e-type=\"widget\" data-widget_type=\"image.default\">\n\t\t\t\t<div class=\"elementor-widget-container\">\n\t\t\t\t\t\t\t\t\t\t\t\t\t\t\t<img fetchpriority=\"high\" decoding=\"async\" width=\"525\" height=\"634\" src=\"https:\/\/finex-preis.de\/wp-content\/uploads\/2025\/12\/Foto-Gewinner-848x1024.jpg\" class=\"attachment-large size-large wp-image-1136\" alt=\"\" srcset=\"https:\/\/finex-preis.de\/wp-content\/uploads\/2025\/12\/Foto-Gewinner-848x1024.jpg 848w, https:\/\/finex-preis.de\/wp-content\/uploads\/2025\/12\/Foto-Gewinner-248x300.jpg 248w, https:\/\/finex-preis.de\/wp-content\/uploads\/2025\/12\/Foto-Gewinner-768x927.jpg 768w, https:\/\/finex-preis.de\/wp-content\/uploads\/2025\/12\/Foto-Gewinner-1272x1536.jpg 1272w, https:\/\/finex-preis.de\/wp-content\/uploads\/2025\/12\/Foto-Gewinner-1696x2048.jpg 1696w\" sizes=\"100vw\" \/>\t\t\t\t\t\t\t\t\t\t\t\t\t\t\t<\/div>\n\t\t\t\t<\/div>\n\t\t\t\t\t<\/div>\n\t\t<\/div>\n\t\t\t\t\t<\/div>\n\t\t<\/section>\n\t\t\t\t<section class=\"elementor-section elementor-top-section elementor-element elementor-element-7c73d67 elementor-section-boxed elementor-section-height-default elementor-section-height-default\" data-id=\"7c73d67\" data-element_type=\"section\" data-e-type=\"section\">\n\t\t\t\t\t\t<div class=\"elementor-container elementor-column-gap-default\">\n\t\t\t\t\t<div class=\"elementor-column elementor-col-100 elementor-top-column elementor-element elementor-element-faee293\" data-id=\"faee293\" data-element_type=\"column\" data-e-type=\"column\">\n\t\t\t<div class=\"elementor-widget-wrap\">\n\t\t\t\t\t\t\t<\/div>\n\t\t<\/div>\n\t\t\t\t\t<\/div>\n\t\t<\/section>\n\t\t\t\t<\/div>\n\t\t","protected":false},"excerpt":{"rendered":"<p>FINEX 2025 Unser Gewinner steht fest! Jacob Wallner erh\u00e4lt den FinEx-Preis 2025 f\u00fcr seinen Film Fluchtverkehr. Der Film erz\u00e4hlt von einer Gruppe Krimineller, die ihren Fluchtweg minuti\u00f6s plant &#8211; und dabei auf einige Hindernisse st\u00f6\u00dft. Mit viel Gesp\u00fcr f\u00fcr Timing, Spannung und Humor gelingt es Jacob, eine turbulente Geschichte zu inszenieren, die das Publikum ebenso &hellip; <\/p>\n<p class=\"link-more\"><a href=\"https:\/\/finex-preis.de\/?page_id=714\" class=\"more-link\"><span class=\"screen-reader-text\">\u201eNews\u201c <\/span>weiterlesen<\/a><\/p>\n","protected":false},"author":1,"featured_media":0,"parent":0,"menu_order":0,"comment_status":"closed","ping_status":"closed","template":"","meta":{"footnotes":""},"class_list":["post-714","page","type-page","status-publish","hentry"],"_links":{"self":[{"href":"https:\/\/finex-preis.de\/index.php?rest_route=\/wp\/v2\/pages\/714","targetHints":{"allow":["GET"]}}],"collection":[{"href":"https:\/\/finex-preis.de\/index.php?rest_route=\/wp\/v2\/pages"}],"about":[{"href":"https:\/\/finex-preis.de\/index.php?rest_route=\/wp\/v2\/types\/page"}],"author":[{"embeddable":true,"href":"https:\/\/finex-preis.de\/index.php?rest_route=\/wp\/v2\/users\/1"}],"replies":[{"embeddable":true,"href":"https:\/\/finex-preis.de\/index.php?rest_route=%2Fwp%2Fv2%2Fcomments&post=714"}],"version-history":[{"count":58,"href":"https:\/\/finex-preis.de\/index.php?rest_route=\/wp\/v2\/pages\/714\/revisions"}],"predecessor-version":[{"id":1139,"href":"https:\/\/finex-preis.de\/index.php?rest_route=\/wp\/v2\/pages\/714\/revisions\/1139"}],"wp:attachment":[{"href":"https:\/\/finex-preis.de\/index.php?rest_route=%2Fwp%2Fv2%2Fmedia&parent=714"}],"curies":[{"name":"wp","href":"https:\/\/api.w.org\/{rel}","templated":true}]}}