{"id":181,"date":"2019-06-12T11:50:09","date_gmt":"2019-06-12T11:50:09","guid":{"rendered":"http:\/\/finex-preis.de\/?page_id=181"},"modified":"2025-12-04T12:48:03","modified_gmt":"2025-12-04T12:48:03","slug":"jury","status":"publish","type":"page","link":"https:\/\/finex-preis.de\/?page_id=181","title":{"rendered":"Jury"},"content":{"rendered":"\t\t<div data-elementor-type=\"wp-post\" data-elementor-id=\"181\" class=\"elementor elementor-181\">\n\t\t\t\t\t\t<section class=\"elementor-section elementor-top-section elementor-element elementor-element-f86084e elementor-section-boxed elementor-section-height-default elementor-section-height-default\" data-id=\"f86084e\" data-element_type=\"section\" data-e-type=\"section\">\n\t\t\t\t\t\t<div class=\"elementor-container elementor-column-gap-default\">\n\t\t\t\t\t<div class=\"elementor-column elementor-col-100 elementor-top-column elementor-element elementor-element-0b45269\" data-id=\"0b45269\" data-element_type=\"column\" data-e-type=\"column\">\n\t\t\t<div class=\"elementor-widget-wrap elementor-element-populated\">\n\t\t\t\t\t\t<div class=\"elementor-element elementor-element-a60154e gallery-spacing-custom elementor-widget elementor-widget-image-gallery\" data-id=\"a60154e\" data-element_type=\"widget\" data-e-type=\"widget\" data-widget_type=\"image-gallery.default\">\n\t\t\t\t<div class=\"elementor-widget-container\">\n\t\t\t\t\t\t\t<div class=\"elementor-image-gallery\">\n\t\t\t<div id='gallery-1' class='gallery galleryid-181 gallery-columns-2 gallery-size-thumbnail'><figure class='gallery-item'>\n\t\t\t<div class='gallery-icon landscape'>\n\t\t\t\t<a data-elementor-open-lightbox=\"yes\" data-elementor-lightbox-slideshow=\"a60154e\" data-elementor-lightbox-title=\"Honert\" data-e-action-hash=\"#elementor-action%3Aaction%3Dlightbox%26settings%3DeyJpZCI6MTg3LCJ1cmwiOiJodHRwczpcL1wvZmluZXgtcHJlaXMuZGVcL3dwLWNvbnRlbnRcL3VwbG9hZHNcLzIwMTlcLzA2XC9Ib25lcnQuanBnIiwic2xpZGVzaG93IjoiYTYwMTU0ZSJ9\" href='https:\/\/finex-preis.de\/wp-content\/uploads\/2019\/06\/Honert.jpg'><img decoding=\"async\" width=\"150\" height=\"150\" src=\"https:\/\/finex-preis.de\/wp-content\/uploads\/2019\/06\/Honert-150x150.jpg\" class=\"attachment-thumbnail size-thumbnail\" alt=\"\" aria-describedby=\"gallery-1-187\" srcset=\"https:\/\/finex-preis.de\/wp-content\/uploads\/2019\/06\/Honert-150x150.jpg 150w, https:\/\/finex-preis.de\/wp-content\/uploads\/2019\/06\/Honert-100x100.jpg 100w\" sizes=\"100vw\" \/><\/a>\n\t\t\t<\/div>\n\t\t\t\t<figcaption class='wp-caption-text gallery-caption' id='gallery-1-187'>\n\t\t\t\tHans-Werner Honert, Vorsitzender\n\t\t\t\t<\/figcaption><\/figure><figure class='gallery-item'>\n\t\t\t<div class='gallery-icon landscape'>\n\t\t\t\t<a data-elementor-open-lightbox=\"yes\" data-elementor-lightbox-slideshow=\"a60154e\" data-elementor-lightbox-title=\"Adomat, Daniela\" data-e-action-hash=\"#elementor-action%3Aaction%3Dlightbox%26settings%3DeyJpZCI6NTA1LCJ1cmwiOiJodHRwczpcL1wvZmluZXgtcHJlaXMuZGVcL3dwLWNvbnRlbnRcL3VwbG9hZHNcLzIwMjFcLzA5XC9BZG9tYXQtRGFuaWVsYS0xLnBuZyIsInNsaWRlc2hvdyI6ImE2MDE1NGUifQ%3D%3D\" href='https:\/\/finex-preis.de\/wp-content\/uploads\/2021\/09\/Adomat-Daniela-1.png'><img decoding=\"async\" width=\"150\" height=\"150\" src=\"https:\/\/finex-preis.de\/wp-content\/uploads\/2021\/09\/Adomat-Daniela-1-150x150.png\" class=\"attachment-thumbnail size-thumbnail\" alt=\"\" aria-describedby=\"gallery-1-505\" srcset=\"https:\/\/finex-preis.de\/wp-content\/uploads\/2021\/09\/Adomat-Daniela-1-150x150.png 150w, https:\/\/finex-preis.de\/wp-content\/uploads\/2021\/09\/Adomat-Daniela-1-100x100.png 100w\" sizes=\"100vw\" \/><\/a>\n\t\t\t<\/div>\n\t\t\t\t<figcaption class='wp-caption-text gallery-caption' id='gallery-1-505'>\n\t\t\t\tDaniela Adomat, MDR\n\t\t\t\t<\/figcaption><\/figure><figure class='gallery-item'>\n\t\t\t<div class='gallery-icon portrait'>\n\t\t\t\t<a data-elementor-open-lightbox=\"yes\" data-elementor-lightbox-slideshow=\"a60154e\" data-elementor-lightbox-title=\"Ilka Brecht\" data-e-action-hash=\"#elementor-action%3Aaction%3Dlightbox%26settings%3DeyJpZCI6MTgzLCJ1cmwiOiJodHRwczpcL1wvZmluZXgtcHJlaXMuZGVcL3dwLWNvbnRlbnRcL3VwbG9hZHNcLzIwMTlcLzA2XC81NTQ4NS04LTExLmpwZyIsInNsaWRlc2hvdyI6ImE2MDE1NGUifQ%3D%3D\" href='https:\/\/finex-preis.de\/wp-content\/uploads\/2019\/06\/55485-8-11.jpg'><img decoding=\"async\" width=\"150\" height=\"150\" src=\"https:\/\/finex-preis.de\/wp-content\/uploads\/2019\/06\/55485-8-11-150x150.jpg\" class=\"attachment-thumbnail size-thumbnail\" alt=\"\" aria-describedby=\"gallery-1-183\" srcset=\"https:\/\/finex-preis.de\/wp-content\/uploads\/2019\/06\/55485-8-11-150x150.jpg 150w, https:\/\/finex-preis.de\/wp-content\/uploads\/2019\/06\/55485-8-11-100x100.jpg 100w\" sizes=\"100vw\" \/><\/a>\n\t\t\t<\/div>\n\t\t\t\t<figcaption class='wp-caption-text gallery-caption' id='gallery-1-183'>\n\t\t\t\tIlka Brecht, ZDF\n\t\t\t\t<\/figcaption><\/figure><figure class='gallery-item'>\n\t\t\t<div class='gallery-icon portrait'>\n\t\t\t\t<a data-elementor-open-lightbox=\"yes\" data-elementor-lightbox-slideshow=\"a60154e\" data-elementor-lightbox-title=\"IMG_3371\" data-e-action-hash=\"#elementor-action%3Aaction%3Dlightbox%26settings%3DeyJpZCI6NjU5LCJ1cmwiOiJodHRwczpcL1wvZmluZXgtcHJlaXMuZGVcL3dwLWNvbnRlbnRcL3VwbG9hZHNcLzIwMjJcLzA0XC9JTUdfMzM3MS1zY2FsZWQuanBnIiwic2xpZGVzaG93IjoiYTYwMTU0ZSJ9\" href='https:\/\/finex-preis.de\/wp-content\/uploads\/2022\/04\/IMG_3371-scaled.jpg'><img loading=\"lazy\" decoding=\"async\" width=\"150\" height=\"150\" src=\"https:\/\/finex-preis.de\/wp-content\/uploads\/2022\/04\/IMG_3371-150x150.jpg\" class=\"attachment-thumbnail size-thumbnail\" alt=\"\" aria-describedby=\"gallery-1-659\" srcset=\"https:\/\/finex-preis.de\/wp-content\/uploads\/2022\/04\/IMG_3371-150x150.jpg 150w, https:\/\/finex-preis.de\/wp-content\/uploads\/2022\/04\/IMG_3371-100x100.jpg 100w\" sizes=\"100vw\" \/><\/a>\n\t\t\t<\/div>\n\t\t\t\t<figcaption class='wp-caption-text gallery-caption' id='gallery-1-659'>\n\t\t\t\tDr.Ilektra Bogner, Gutenbergschule Leipzig\n\t\t\t\t<\/figcaption><\/figure><figure class='gallery-item'>\n\t\t\t<div class='gallery-icon landscape'>\n\t\t\t\t<a data-elementor-open-lightbox=\"yes\" data-elementor-lightbox-slideshow=\"a60154e\" data-elementor-lightbox-title=\"Dr\u00f6se, Katrin\" data-e-action-hash=\"#elementor-action%3Aaction%3Dlightbox%26settings%3DeyJpZCI6NDg5LCJ1cmwiOiJodHRwczpcL1wvZmluZXgtcHJlaXMuZGVcL3dwLWNvbnRlbnRcL3VwbG9hZHNcLzIwMjFcLzA5XC9Ecm9lc2UtS2F0cmluLnBuZyIsInNsaWRlc2hvdyI6ImE2MDE1NGUifQ%3D%3D\" href='https:\/\/finex-preis.de\/wp-content\/uploads\/2021\/09\/Droese-Katrin.png'><img loading=\"lazy\" decoding=\"async\" width=\"150\" height=\"150\" src=\"https:\/\/finex-preis.de\/wp-content\/uploads\/2021\/09\/Droese-Katrin-150x150.png\" class=\"attachment-thumbnail size-thumbnail\" alt=\"\" aria-describedby=\"gallery-1-489\" srcset=\"https:\/\/finex-preis.de\/wp-content\/uploads\/2021\/09\/Droese-Katrin-150x150.png 150w, https:\/\/finex-preis.de\/wp-content\/uploads\/2021\/09\/Droese-Katrin-100x100.png 100w\" sizes=\"100vw\" \/><\/a>\n\t\t\t<\/div>\n\t\t\t\t<figcaption class='wp-caption-text gallery-caption' id='gallery-1-489'>\n\t\t\t\tKatrin Dr\u00f6se, IHK Berlin\n\t\t\t\t<\/figcaption><\/figure><figure class='gallery-item'>\n\t\t\t<div class='gallery-icon portrait'>\n\t\t\t\t<a data-elementor-open-lightbox=\"yes\" data-elementor-lightbox-slideshow=\"a60154e\" data-elementor-lightbox-title=\"J\u00e4ger, Helmut\" data-e-action-hash=\"#elementor-action%3Aaction%3Dlightbox%26settings%3DeyJpZCI6NDg4LCJ1cmwiOiJodHRwczpcL1wvZmluZXgtcHJlaXMuZGVcL3dwLWNvbnRlbnRcL3VwbG9hZHNcLzIwMjFcLzA5XC9KYWVnZXItSGVsbXV0LXNjYWxlZC1lMTYzMTA4ODQ0NDMwNy5qcGciLCJzbGlkZXNob3ciOiJhNjAxNTRlIn0%3D\" href='https:\/\/finex-preis.de\/wp-content\/uploads\/2021\/09\/Jaeger-Helmut-scaled-e1631088444307.jpg'><img loading=\"lazy\" decoding=\"async\" width=\"150\" height=\"150\" src=\"https:\/\/finex-preis.de\/wp-content\/uploads\/2021\/09\/Jaeger-Helmut-scaled-e1631088444307-150x150.jpg\" class=\"attachment-thumbnail size-thumbnail\" alt=\"\" aria-describedby=\"gallery-1-488\" srcset=\"https:\/\/finex-preis.de\/wp-content\/uploads\/2021\/09\/Jaeger-Helmut-scaled-e1631088444307-150x150.jpg 150w, https:\/\/finex-preis.de\/wp-content\/uploads\/2021\/09\/Jaeger-Helmut-scaled-e1631088444307-100x100.jpg 100w\" sizes=\"100vw\" \/><\/a>\n\t\t\t<\/div>\n\t\t\t\t<figcaption class='wp-caption-text gallery-caption' id='gallery-1-488'>\n\t\t\t\tHelmut J\u00e4ger, OSZ KIM Berlin\n\t\t\t\t<\/figcaption><\/figure><figure class='gallery-item'>\n\t\t\t<div class='gallery-icon portrait'>\n\t\t\t\t<a data-elementor-open-lightbox=\"yes\" data-elementor-lightbox-slideshow=\"a60154e\" data-elementor-lightbox-title=\"Kulisch, Uwe\" data-e-action-hash=\"#elementor-action%3Aaction%3Dlightbox%26settings%3DeyJpZCI6NDk0LCJ1cmwiOiJodHRwczpcL1wvZmluZXgtcHJlaXMuZGVcL3dwLWNvbnRlbnRcL3VwbG9hZHNcLzIwMjFcLzA5XC9LdWxpc2NoLVV3ZS0xLnBuZyIsInNsaWRlc2hvdyI6ImE2MDE1NGUifQ%3D%3D\" href='https:\/\/finex-preis.de\/wp-content\/uploads\/2021\/09\/Kulisch-Uwe-1.png'><img loading=\"lazy\" decoding=\"async\" width=\"150\" height=\"150\" src=\"https:\/\/finex-preis.de\/wp-content\/uploads\/2021\/09\/Kulisch-Uwe-1-150x150.png\" class=\"attachment-thumbnail size-thumbnail\" alt=\"\" aria-describedby=\"gallery-1-494\" srcset=\"https:\/\/finex-preis.de\/wp-content\/uploads\/2021\/09\/Kulisch-Uwe-1-150x150.png 150w, https:\/\/finex-preis.de\/wp-content\/uploads\/2021\/09\/Kulisch-Uwe-1-100x100.png 100w\" sizes=\"100vw\" \/><\/a>\n\t\t\t<\/div>\n\t\t\t\t<figcaption class='wp-caption-text gallery-caption' id='gallery-1-494'>\n\t\t\t\tProf. Dr. Uwe Kulisch, HTWK Leipzig\n\t\t\t\t<\/figcaption><\/figure><figure class='gallery-item'>\n\t\t\t<div class='gallery-icon landscape'>\n\t\t\t\t<a data-elementor-open-lightbox=\"yes\" data-elementor-lightbox-slideshow=\"a60154e\" data-elementor-lightbox-title=\"Astrid-Plenk\" data-e-action-hash=\"#elementor-action%3Aaction%3Dlightbox%26settings%3DeyJpZCI6MTg1LCJ1cmwiOiJodHRwczpcL1wvZmluZXgtcHJlaXMuZGVcL3dwLWNvbnRlbnRcL3VwbG9hZHNcLzIwMTlcLzA2XC9Bc3RyaWQtUGxlbmsuanBnIiwic2xpZGVzaG93IjoiYTYwMTU0ZSJ9\" href='https:\/\/finex-preis.de\/wp-content\/uploads\/2019\/06\/Astrid-Plenk.jpg'><img loading=\"lazy\" decoding=\"async\" width=\"150\" height=\"150\" src=\"https:\/\/finex-preis.de\/wp-content\/uploads\/2019\/06\/Astrid-Plenk-150x150.jpg\" class=\"attachment-thumbnail size-thumbnail\" alt=\"\" aria-describedby=\"gallery-1-185\" srcset=\"https:\/\/finex-preis.de\/wp-content\/uploads\/2019\/06\/Astrid-Plenk-150x150.jpg 150w, https:\/\/finex-preis.de\/wp-content\/uploads\/2019\/06\/Astrid-Plenk-100x100.jpg 100w\" sizes=\"100vw\" \/><\/a>\n\t\t\t<\/div>\n\t\t\t\t<figcaption class='wp-caption-text gallery-caption' id='gallery-1-185'>\n\t\t\t\tDr. Astrid Plenk, Leiterin Landesfunkhaus Th\u00fcringen\n\t\t\t\t<\/figcaption><\/figure><figure class='gallery-item'>\n\t\t\t<div class='gallery-icon portrait'>\n\t\t\t\t<a data-elementor-open-lightbox=\"yes\" data-elementor-lightbox-slideshow=\"a60154e\" data-elementor-lightbox-title=\"13 : 18 Hochformat\" data-e-action-hash=\"#elementor-action%3Aaction%3Dlightbox%26settings%3DeyJpZCI6NDE4LCJ1cmwiOiJodHRwczpcL1wvZmluZXgtcHJlaXMuZGVcL3dwLWNvbnRlbnRcL3VwbG9hZHNcLzIwMjBcLzExXC9TaWViZXItc2NhbGVkLmpwZyIsInNsaWRlc2hvdyI6ImE2MDE1NGUifQ%3D%3D\" href='https:\/\/finex-preis.de\/wp-content\/uploads\/2020\/11\/Sieber-scaled.jpg'><img loading=\"lazy\" decoding=\"async\" width=\"150\" height=\"150\" src=\"https:\/\/finex-preis.de\/wp-content\/uploads\/2020\/11\/Sieber-150x150.jpg\" class=\"attachment-thumbnail size-thumbnail\" alt=\"\" aria-describedby=\"gallery-1-418\" srcset=\"https:\/\/finex-preis.de\/wp-content\/uploads\/2020\/11\/Sieber-150x150.jpg 150w, https:\/\/finex-preis.de\/wp-content\/uploads\/2020\/11\/Sieber-100x100.jpg 100w\" sizes=\"100vw\" \/><\/a>\n\t\t\t<\/div>\n\t\t\t\t<figcaption class='wp-caption-text gallery-caption' id='gallery-1-418'>\n\t\t\t\tSarah Sieber, IHK zu Leipzig\n\t\t\t\t<\/figcaption><\/figure>\n\t\t<\/div>\n\t\t<\/div>\n\t\t\t\t\t\t<\/div>\n\t\t\t\t<\/div>\n\t\t\t\t\t<\/div>\n\t\t<\/div>\n\t\t\t\t\t<\/div>\n\t\t<\/section>\n\t\t\t\t<\/div>\n\t\t","protected":false},"excerpt":{"rendered":"<p>Hans-Werner Honert, Vorsitzender Daniela Adomat, MDR Ilka Brecht, ZDF Dr.Ilektra Bogner, Gutenbergschule Leipzig Katrin Dr\u00f6se, IHK Berlin Helmut J\u00e4ger, OSZ KIM Berlin Prof. Dr. Uwe Kulisch, HTWK Leipzig Dr. Astrid Plenk, Leiterin Landesfunkhaus Th\u00fcringen Sarah Sieber, IHK zu Leipzig<\/p>\n","protected":false},"author":1,"featured_media":0,"parent":0,"menu_order":0,"comment_status":"closed","ping_status":"closed","template":"","meta":{"footnotes":""},"class_list":["post-181","page","type-page","status-publish","hentry"],"_links":{"self":[{"href":"https:\/\/finex-preis.de\/index.php?rest_route=\/wp\/v2\/pages\/181","targetHints":{"allow":["GET"]}}],"collection":[{"href":"https:\/\/finex-preis.de\/index.php?rest_route=\/wp\/v2\/pages"}],"about":[{"href":"https:\/\/finex-preis.de\/index.php?rest_route=\/wp\/v2\/types\/page"}],"author":[{"embeddable":true,"href":"https:\/\/finex-preis.de\/index.php?rest_route=\/wp\/v2\/users\/1"}],"replies":[{"embeddable":true,"href":"https:\/\/finex-preis.de\/index.php?rest_route=%2Fwp%2Fv2%2Fcomments&post=181"}],"version-history":[{"count":35,"href":"https:\/\/finex-preis.de\/index.php?rest_route=\/wp\/v2\/pages\/181\/revisions"}],"predecessor-version":[{"id":1158,"href":"https:\/\/finex-preis.de\/index.php?rest_route=\/wp\/v2\/pages\/181\/revisions\/1158"}],"wp:attachment":[{"href":"https:\/\/finex-preis.de\/index.php?rest_route=%2Fwp%2Fv2%2Fmedia&parent=181"}],"curies":[{"name":"wp","href":"https:\/\/api.w.org\/{rel}","templated":true}]}}