{"id":1140,"date":"2025-12-04T12:35:59","date_gmt":"2025-12-04T12:35:59","guid":{"rendered":"https:\/\/finex-preis.de\/?page_id=1140"},"modified":"2025-12-04T12:42:24","modified_gmt":"2025-12-04T12:42:24","slug":"2025-2","status":"publish","type":"page","link":"https:\/\/finex-preis.de\/?page_id=1140","title":{"rendered":"2025"},"content":{"rendered":"\t\t<div data-elementor-type=\"wp-page\" data-elementor-id=\"1140\" class=\"elementor elementor-1140\">\n\t\t\t\t\t\t<section class=\"elementor-section elementor-top-section elementor-element elementor-element-86ab347 elementor-section-boxed elementor-section-height-default elementor-section-height-default\" data-id=\"86ab347\" data-element_type=\"section\" data-e-type=\"section\">\n\t\t\t\t\t\t<div class=\"elementor-container elementor-column-gap-default\">\n\t\t\t\t\t<div class=\"elementor-column elementor-col-100 elementor-top-column elementor-element elementor-element-5310b86\" data-id=\"5310b86\" data-element_type=\"column\" data-e-type=\"column\">\n\t\t\t<div class=\"elementor-widget-wrap elementor-element-populated\">\n\t\t\t\t\t\t<div class=\"elementor-element elementor-element-5c49a1d elementor-widget elementor-widget-heading\" data-id=\"5c49a1d\" data-element_type=\"widget\" data-e-type=\"widget\" data-widget_type=\"heading.default\">\n\t\t\t\t<div class=\"elementor-widget-container\">\n\t\t\t\t\t<h2 class=\"elementor-heading-title elementor-size-default\">FinEx 2025<\/h2>\t\t\t\t<\/div>\n\t\t\t\t<\/div>\n\t\t\t\t\t<\/div>\n\t\t<\/div>\n\t\t\t\t\t<\/div>\n\t\t<\/section>\n\t\t\t\t<section class=\"elementor-section elementor-top-section elementor-element elementor-element-6625b1b elementor-section-boxed elementor-section-height-default elementor-section-height-default\" data-id=\"6625b1b\" data-element_type=\"section\" data-e-type=\"section\">\n\t\t\t\t\t\t<div class=\"elementor-container elementor-column-gap-default\">\n\t\t\t\t\t<div class=\"elementor-column elementor-col-100 elementor-top-column elementor-element elementor-element-139c645\" data-id=\"139c645\" data-element_type=\"column\" data-e-type=\"column\">\n\t\t\t<div class=\"elementor-widget-wrap elementor-element-populated\">\n\t\t\t\t\t\t<div class=\"elementor-element elementor-element-cea3186 elementor-widget elementor-widget-text-editor\" data-id=\"cea3186\" data-element_type=\"widget\" data-e-type=\"widget\" data-widget_type=\"text-editor.default\">\n\t\t\t\t<div class=\"elementor-widget-container\">\n\t\t\t\t\t\t\t\t\t<p>Am 28. November 2025 fand die feierliche Verleihung des FinEx Azubipreises im MDR Landesfunkhaus Th\u00fcringen in Erfurt statt. In festlicher Atmosph\u00e4re wurden die beeindruckenden Leistungen von AbsolventInnen der Ausbildung zum Mediengestalter Bild und Ton gew\u00fcrdigt.\u00a0<\/p><p>Nominiert waren in diesem Jahr:\u00a0<\/p><p>\u2013\u00a0<b>Doria Nollez<\/b>\u00a0f\u00fcr \u201eMagnolie\u201c<br \/>\u2013\u00a0<strong>Ophelia Bauer<\/strong>\u00a0f\u00fcr \u201eDANACH\u201c<br \/>\u2013\u00a0<strong>Jacob Wallner\u00a0<\/strong>f\u00fcr \u201eFluchtverkehr\u201c<br \/>\u2013\u00a0<strong>Leonard Martin\u00a0<\/strong>f\u00fcr \u201eAlte Techniken, neue Formen\u201c<\/p><p>Der Gewinner des Abends war Jacob Wallner mit seinem Film <em>Fluchtverkehr<\/em>.\u00a0<\/p><p>Die musikalische Begleitung des Abends \u00fcbernahm die Band 5RaumFenster. Moderiert wurde die Verleihung von den MDR-Volont\u00e4rinnen Lea Hein und Lonny Luisa Kirchner.\u00a0<\/p><p>Besonderer Dank gilt dem Team der Fernseh Akademie Mitteldeutschland, das die Produktion der Preisverleihung sowie deren Live-\u00dcbertragung auf YouTube mit viel Engagement und Professionalit\u00e4t m\u00f6glich gemacht hat.<em>\u00a0\u00a0<\/em>Der Live-Stream ist auf dem\u00a0<a href=\"https:\/\/www.youtube.com\/watch?v=Bf0DTPhyMJc\" target=\"_blank\" rel=\"noopener\">YouTube Kanal der FAM<\/a>\u00a0zu sehen.<\/p>\t\t\t\t\t\t\t\t<\/div>\n\t\t\t\t<\/div>\n\t\t\t\t\t<\/div>\n\t\t<\/div>\n\t\t\t\t\t<\/div>\n\t\t<\/section>\n\t\t\t\t<section class=\"elementor-section elementor-top-section elementor-element elementor-element-e73eec2 elementor-section-boxed elementor-section-height-default elementor-section-height-default\" data-id=\"e73eec2\" data-element_type=\"section\" data-e-type=\"section\">\n\t\t\t\t\t\t<div class=\"elementor-container elementor-column-gap-default\">\n\t\t\t\t\t<div class=\"elementor-column elementor-col-100 elementor-top-column elementor-element elementor-element-6751a97\" data-id=\"6751a97\" data-element_type=\"column\" data-e-type=\"column\">\n\t\t\t<div class=\"elementor-widget-wrap elementor-element-populated\">\n\t\t\t\t\t\t<section class=\"elementor-section elementor-inner-section elementor-element elementor-element-fc0e0ce elementor-section-boxed elementor-section-height-default elementor-section-height-default\" data-id=\"fc0e0ce\" data-element_type=\"section\" data-e-type=\"section\">\n\t\t\t\t\t\t<div class=\"elementor-container elementor-column-gap-default\">\n\t\t\t\t\t<div class=\"elementor-column elementor-col-50 elementor-inner-column elementor-element elementor-element-5498568\" data-id=\"5498568\" data-element_type=\"column\" data-e-type=\"column\">\n\t\t\t<div class=\"elementor-widget-wrap elementor-element-populated\">\n\t\t\t\t\t\t<div class=\"elementor-element elementor-element-08e74f3 elementor-widget__width-initial elementor-widget elementor-widget-image\" data-id=\"08e74f3\" data-element_type=\"widget\" data-e-type=\"widget\" data-widget_type=\"image.default\">\n\t\t\t\t<div class=\"elementor-widget-container\">\n\t\t\t\t\t\t\t\t\t\t\t\t<figure class=\"wp-caption\">\n\t\t\t\t\t\t\t\t\t\t<img fetchpriority=\"high\" decoding=\"async\" width=\"525\" height=\"634\" src=\"https:\/\/finex-preis.de\/wp-content\/uploads\/2025\/12\/Foto-Gewinner-1-848x1024.jpg\" class=\"attachment-large size-large wp-image-1143\" alt=\"\" srcset=\"https:\/\/finex-preis.de\/wp-content\/uploads\/2025\/12\/Foto-Gewinner-1-848x1024.jpg 848w, https:\/\/finex-preis.de\/wp-content\/uploads\/2025\/12\/Foto-Gewinner-1-248x300.jpg 248w, https:\/\/finex-preis.de\/wp-content\/uploads\/2025\/12\/Foto-Gewinner-1-768x927.jpg 768w, https:\/\/finex-preis.de\/wp-content\/uploads\/2025\/12\/Foto-Gewinner-1-1272x1536.jpg 1272w, https:\/\/finex-preis.de\/wp-content\/uploads\/2025\/12\/Foto-Gewinner-1-1696x2048.jpg 1696w\" sizes=\"100vw\" \/>\t\t\t\t\t\t\t\t\t\t\t<figcaption class=\"widget-image-caption wp-caption-text\">Der Preistr\u00e4ger Jacob Wallner<\/figcaption>\n\t\t\t\t\t\t\t\t\t\t<\/figure>\n\t\t\t\t\t\t\t\t\t<\/div>\n\t\t\t\t<\/div>\n\t\t\t\t\t<\/div>\n\t\t<\/div>\n\t\t\t\t<div class=\"elementor-column elementor-col-50 elementor-inner-column elementor-element elementor-element-d699b08\" data-id=\"d699b08\" data-element_type=\"column\" data-e-type=\"column\">\n\t\t\t<div class=\"elementor-widget-wrap elementor-element-populated\">\n\t\t\t\t\t\t<div class=\"elementor-element elementor-element-3edde26 elementor-widget__width-initial elementor-widget elementor-widget-image\" data-id=\"3edde26\" data-element_type=\"widget\" data-e-type=\"widget\" data-widget_type=\"image.default\">\n\t\t\t\t<div class=\"elementor-widget-container\">\n\t\t\t\t\t\t\t\t\t\t\t\t<figure class=\"wp-caption\">\n\t\t\t\t\t\t\t\t\t\t<img decoding=\"async\" width=\"525\" height=\"700\" src=\"https:\/\/finex-preis.de\/wp-content\/uploads\/2025\/12\/Foto-5Raumfenster-768x1024.jpg\" class=\"attachment-large size-large wp-image-1144\" alt=\"\" srcset=\"https:\/\/finex-preis.de\/wp-content\/uploads\/2025\/12\/Foto-5Raumfenster-768x1024.jpg 768w, https:\/\/finex-preis.de\/wp-content\/uploads\/2025\/12\/Foto-5Raumfenster-225x300.jpg 225w, https:\/\/finex-preis.de\/wp-content\/uploads\/2025\/12\/Foto-5Raumfenster-1152x1536.jpg 1152w, https:\/\/finex-preis.de\/wp-content\/uploads\/2025\/12\/Foto-5Raumfenster-1536x2048.jpg 1536w, https:\/\/finex-preis.de\/wp-content\/uploads\/2025\/12\/Foto-5Raumfenster-scaled.jpg 1920w\" sizes=\"100vw\" \/>\t\t\t\t\t\t\t\t\t\t\t<figcaption class=\"widget-image-caption wp-caption-text\">5raumfenster<\/figcaption>\n\t\t\t\t\t\t\t\t\t\t<\/figure>\n\t\t\t\t\t\t\t\t\t<\/div>\n\t\t\t\t<\/div>\n\t\t\t\t\t<\/div>\n\t\t<\/div>\n\t\t\t\t\t<\/div>\n\t\t<\/section>\n\t\t\t\t\t<\/div>\n\t\t<\/div>\n\t\t\t\t\t<\/div>\n\t\t<\/section>\n\t\t\t\t<section class=\"elementor-section elementor-top-section elementor-element elementor-element-b49bd7e elementor-section-boxed elementor-section-height-default elementor-section-height-default\" data-id=\"b49bd7e\" data-element_type=\"section\" data-e-type=\"section\">\n\t\t\t\t\t\t<div class=\"elementor-container elementor-column-gap-default\">\n\t\t\t\t\t<div class=\"elementor-column elementor-col-100 elementor-top-column elementor-element elementor-element-1357d24\" data-id=\"1357d24\" data-element_type=\"column\" data-e-type=\"column\">\n\t\t\t<div class=\"elementor-widget-wrap elementor-element-populated\">\n\t\t\t\t\t\t<section class=\"elementor-section elementor-inner-section elementor-element elementor-element-97da32e elementor-section-boxed elementor-section-height-default elementor-section-height-default\" data-id=\"97da32e\" data-element_type=\"section\" data-e-type=\"section\">\n\t\t\t\t\t\t<div class=\"elementor-container elementor-column-gap-default\">\n\t\t\t\t\t<div class=\"elementor-column elementor-col-50 elementor-inner-column elementor-element elementor-element-52af2c1\" data-id=\"52af2c1\" data-element_type=\"column\" data-e-type=\"column\">\n\t\t\t<div class=\"elementor-widget-wrap elementor-element-populated\">\n\t\t\t\t\t\t<div class=\"elementor-element elementor-element-f66acb2 elementor-widget__width-initial elementor-widget elementor-widget-image\" data-id=\"f66acb2\" data-element_type=\"widget\" data-e-type=\"widget\" data-widget_type=\"image.default\">\n\t\t\t\t<div class=\"elementor-widget-container\">\n\t\t\t\t\t\t\t\t\t\t\t\t<figure class=\"wp-caption\">\n\t\t\t\t\t\t\t\t\t\t<img decoding=\"async\" width=\"525\" height=\"700\" src=\"https:\/\/finex-preis.de\/wp-content\/uploads\/2025\/12\/Fotos-Moderatorinnen-768x1024.jpg\" class=\"attachment-large size-large wp-image-1145\" alt=\"\" srcset=\"https:\/\/finex-preis.de\/wp-content\/uploads\/2025\/12\/Fotos-Moderatorinnen-768x1024.jpg 768w, https:\/\/finex-preis.de\/wp-content\/uploads\/2025\/12\/Fotos-Moderatorinnen-225x300.jpg 225w, https:\/\/finex-preis.de\/wp-content\/uploads\/2025\/12\/Fotos-Moderatorinnen-1152x1536.jpg 1152w, https:\/\/finex-preis.de\/wp-content\/uploads\/2025\/12\/Fotos-Moderatorinnen-1536x2048.jpg 1536w, https:\/\/finex-preis.de\/wp-content\/uploads\/2025\/12\/Fotos-Moderatorinnen-scaled.jpg 1920w\" sizes=\"100vw\" \/>\t\t\t\t\t\t\t\t\t\t\t<figcaption class=\"widget-image-caption wp-caption-text\">Die Moderatorinnen Lea Hein und Lonny Luisa Kirchner <\/figcaption>\n\t\t\t\t\t\t\t\t\t\t<\/figure>\n\t\t\t\t\t\t\t\t\t<\/div>\n\t\t\t\t<\/div>\n\t\t\t\t\t<\/div>\n\t\t<\/div>\n\t\t\t\t<div class=\"elementor-column elementor-col-50 elementor-inner-column elementor-element elementor-element-892c7c5\" data-id=\"892c7c5\" data-element_type=\"column\" data-e-type=\"column\">\n\t\t\t<div class=\"elementor-widget-wrap elementor-element-populated\">\n\t\t\t\t\t\t<div class=\"elementor-element elementor-element-e72270c elementor-widget elementor-widget-image\" data-id=\"e72270c\" data-element_type=\"widget\" data-e-type=\"widget\" data-widget_type=\"image.default\">\n\t\t\t\t<div class=\"elementor-widget-container\">\n\t\t\t\t\t\t\t\t\t\t\t\t<figure class=\"wp-caption\">\n\t\t\t\t\t\t\t\t\t\t<img loading=\"lazy\" decoding=\"async\" width=\"525\" height=\"700\" src=\"https:\/\/finex-preis.de\/wp-content\/uploads\/2025\/12\/Jurybild-FinEx-komprimiert-768x1024.jpg\" class=\"attachment-large size-large wp-image-1147\" alt=\"\" srcset=\"https:\/\/finex-preis.de\/wp-content\/uploads\/2025\/12\/Jurybild-FinEx-komprimiert-768x1024.jpg 768w, https:\/\/finex-preis.de\/wp-content\/uploads\/2025\/12\/Jurybild-FinEx-komprimiert-225x300.jpg 225w, https:\/\/finex-preis.de\/wp-content\/uploads\/2025\/12\/Jurybild-FinEx-komprimiert-1152x1536.jpg 1152w, https:\/\/finex-preis.de\/wp-content\/uploads\/2025\/12\/Jurybild-FinEx-komprimiert.jpg 1500w\" sizes=\"100vw\" \/>\t\t\t\t\t\t\t\t\t\t\t<figcaption class=\"widget-image-caption wp-caption-text\">Jacob Wallner und die FinEx Jury<\/figcaption>\n\t\t\t\t\t\t\t\t\t\t<\/figure>\n\t\t\t\t\t\t\t\t\t<\/div>\n\t\t\t\t<\/div>\n\t\t\t\t\t<\/div>\n\t\t<\/div>\n\t\t\t\t\t<\/div>\n\t\t<\/section>\n\t\t\t\t<div class=\"elementor-element elementor-element-32b68ba elementor-widget elementor-widget-image\" data-id=\"32b68ba\" data-element_type=\"widget\" data-e-type=\"widget\" data-widget_type=\"image.default\">\n\t\t\t\t<div class=\"elementor-widget-container\">\n\t\t\t\t\t\t\t\t\t\t\t\t<figure class=\"wp-caption\">\n\t\t\t\t\t\t\t\t\t\t<img loading=\"lazy\" decoding=\"async\" width=\"525\" height=\"394\" src=\"https:\/\/finex-preis.de\/wp-content\/uploads\/2025\/12\/FinEx-Gruppenbild-1-1024x768.jpg\" class=\"attachment-large size-large wp-image-1148\" alt=\"\" srcset=\"https:\/\/finex-preis.de\/wp-content\/uploads\/2025\/12\/FinEx-Gruppenbild-1-1024x768.jpg 1024w, https:\/\/finex-preis.de\/wp-content\/uploads\/2025\/12\/FinEx-Gruppenbild-1-300x225.jpg 300w, https:\/\/finex-preis.de\/wp-content\/uploads\/2025\/12\/FinEx-Gruppenbild-1-768x576.jpg 768w, https:\/\/finex-preis.de\/wp-content\/uploads\/2025\/12\/FinEx-Gruppenbild-1.jpg 1120w\" sizes=\"100vw\" \/>\t\t\t\t\t\t\t\t\t\t\t<figcaption class=\"widget-image-caption wp-caption-text\">Das Team der Fernseh Akademie Mitteldeutschland<\/figcaption>\n\t\t\t\t\t\t\t\t\t\t<\/figure>\n\t\t\t\t\t\t\t\t\t<\/div>\n\t\t\t\t<\/div>\n\t\t\t\t\t<\/div>\n\t\t<\/div>\n\t\t\t\t\t<\/div>\n\t\t<\/section>\n\t\t\t\t<section class=\"elementor-section elementor-top-section elementor-element elementor-element-528e539 elementor-section-boxed elementor-section-height-default elementor-section-height-default\" data-id=\"528e539\" data-element_type=\"section\" data-e-type=\"section\">\n\t\t\t\t\t\t<div class=\"elementor-container elementor-column-gap-default\">\n\t\t\t\t\t<div class=\"elementor-column elementor-col-100 elementor-top-column elementor-element elementor-element-cfd310a\" data-id=\"cfd310a\" data-element_type=\"column\" data-e-type=\"column\">\n\t\t\t<div class=\"elementor-widget-wrap\">\n\t\t\t\t\t\t\t<\/div>\n\t\t<\/div>\n\t\t\t\t\t<\/div>\n\t\t<\/section>\n\t\t\t\t<\/div>\n\t\t","protected":false},"excerpt":{"rendered":"<p>FinEx 2025 Am 28. November 2025 fand die feierliche Verleihung des FinEx Azubipreises im MDR Landesfunkhaus Th\u00fcringen in Erfurt statt. In festlicher Atmosph\u00e4re wurden die beeindruckenden Leistungen von AbsolventInnen der Ausbildung zum Mediengestalter Bild und Ton gew\u00fcrdigt.\u00a0 Nominiert waren in diesem Jahr:\u00a0 \u2013\u00a0Doria Nollez\u00a0f\u00fcr \u201eMagnolie\u201c\u2013\u00a0Ophelia Bauer\u00a0f\u00fcr \u201eDANACH\u201c\u2013\u00a0Jacob Wallner\u00a0f\u00fcr \u201eFluchtverkehr\u201c\u2013\u00a0Leonard Martin\u00a0f\u00fcr \u201eAlte Techniken, neue Formen\u201c Der &hellip; <\/p>\n<p class=\"link-more\"><a href=\"https:\/\/finex-preis.de\/?page_id=1140\" class=\"more-link\"><span class=\"screen-reader-text\">\u201e2025\u201c <\/span>weiterlesen<\/a><\/p>\n","protected":false},"author":1,"featured_media":0,"parent":0,"menu_order":0,"comment_status":"closed","ping_status":"closed","template":"","meta":{"footnotes":""},"class_list":["post-1140","page","type-page","status-publish","hentry"],"_links":{"self":[{"href":"https:\/\/finex-preis.de\/index.php?rest_route=\/wp\/v2\/pages\/1140","targetHints":{"allow":["GET"]}}],"collection":[{"href":"https:\/\/finex-preis.de\/index.php?rest_route=\/wp\/v2\/pages"}],"about":[{"href":"https:\/\/finex-preis.de\/index.php?rest_route=\/wp\/v2\/types\/page"}],"author":[{"embeddable":true,"href":"https:\/\/finex-preis.de\/index.php?rest_route=\/wp\/v2\/users\/1"}],"replies":[{"embeddable":true,"href":"https:\/\/finex-preis.de\/index.php?rest_route=%2Fwp%2Fv2%2Fcomments&post=1140"}],"version-history":[{"count":5,"href":"https:\/\/finex-preis.de\/index.php?rest_route=\/wp\/v2\/pages\/1140\/revisions"}],"predecessor-version":[{"id":1151,"href":"https:\/\/finex-preis.de\/index.php?rest_route=\/wp\/v2\/pages\/1140\/revisions\/1151"}],"wp:attachment":[{"href":"https:\/\/finex-preis.de\/index.php?rest_route=%2Fwp%2Fv2%2Fmedia&parent=1140"}],"curies":[{"name":"wp","href":"https:\/\/api.w.org\/{rel}","templated":true}]}}